{"id":7489,"date":"2024-11-08T13:35:04","date_gmt":"2024-11-08T13:35:04","guid":{"rendered":"https:\/\/lightskyblue-jay-723117.hostingersite.com\/vagas\/?page_id=7489"},"modified":"2024-11-08T13:37:18","modified_gmt":"2024-11-08T13:37:18","slug":"como-funciona","status":"publish","type":"page","link":"https:\/\/vagasdehoje.pt\/vagas\/como-funciona\/","title":{"rendered":"Como funciona?"},"content":{"rendered":"<h3>O que \u00e9 o Vagas de hoje?<\/h3>\n<p>O Vagasdehoje.pt \u00e9 uma plataforma de empregos em Portugal, projetada para conectar candidatos e empresas. Nele, s\u00e3o anunciadas vagas para diversos setores e n\u00edveis de experi\u00eancia, incluindo \u00e1reas como administra\u00e7\u00e3o, TI, sa\u00fade, marketing, vendas e muito mais. Com uma interface intuitiva, o site permite que candidatos encontrem oportunidades de acordo com suas prefer\u00eancias e qualifica\u00e7\u00f5es.<\/p>\n<h3>Para que serve o Vagasdehoje.pt?<\/h3>\n<p>O site tem como objetivo simplificar o processo de recrutamento e sele\u00e7\u00e3o, tornando-o mais r\u00e1pido e eficiente tanto para quem procura emprego quanto para as empresas que recrutam.<\/p>\n<h3>Como me candidatar as vagas?<\/h3>\n<ul>\n<li><strong>Explore as Oportunidades<\/strong>: Navegue pelas vagas dispon\u00edveis em nosso site e utilize nossos filtros para encontrar a posi\u00e7\u00e3o que combina com suas habilidades, localiza\u00e7\u00e3o e metas profissionais.<\/li>\n<li><strong>Envie seu Curr\u00edculo Diretamente ao Recrutador<\/strong>: Ao encontrar uma vaga de interesse, basta enviar seu curr\u00edculo para o e-mail do recrutador indicado no an\u00fancio. Com isso, seu perfil chega direto ao respons\u00e1vel pela contrata\u00e7\u00e3o.<\/li>\n<li><strong>Aguarde o Contato<\/strong>: Se voc\u00ea for selecionado(a) para a pr\u00f3xima etapa, o recrutador entrar\u00e1 em contato para fornecer mais informa\u00e7\u00f5es sobre o processo de sele\u00e7\u00e3o.<\/li>\n<\/ul>\n<h3>Confira as vagas de emprego por Distritos, abaixo listamos todos os Distritos com vagas dispon\u00edveis em Portugal<\/h3>\n<table>\n<ul>\n<tr>\n<td>\n<li><a href=\"https:\/\/lightskyblue-jay-723117.hostingersite.com\/vagas\/category\/todas-as-vagas\/aveiro\/\"><strong>Aveiro<\/strong><\/a><\/li>\n<\/td>\n<td>\n<li><a href=\"https:\/\/lightskyblue-jay-723117.hostingersite.com\/vagas\/category\/todas-as-vagas\/acores\/\"><strong>A\u00e7ores<\/strong><\/a><\/li>\n<\/td>\n<\/tr>\n<tr>\n<td>\n<li><a href=\"https:\/\/lightskyblue-jay-723117.hostingersite.com\/vagas\/category\/todas-as-vagas\/beja\/\"><strong>Beja<\/strong><\/a><\/li>\n<\/td>\n<td>\n<li><a href=\"https:\/\/lightskyblue-jay-723117.hostingersite.com\/vagas\/category\/todas-as-vagas\/braga\/\"><strong>Braga<\/strong><\/a><\/li>\n<\/td>\n<\/tr>\n<tr>\n<td>\n<li><a href=\"https:\/\/lightskyblue-jay-723117.hostingersite.com\/vagas\/category\/todas-as-vagas\/braganca\/\"><strong>Bragan\u00e7a<\/strong><\/a><\/li>\n<\/td>\n<td>\n<li><a href=\"https:\/\/lightskyblue-jay-723117.hostingersite.com\/vagas\/category\/todas-as-vagas\/castelo-branco\/\"><strong>Castelo Branco<\/strong><\/a><\/li>\n<\/td>\n<\/tr>\n<tr>\n<td>\n<li><a href=\"https:\/\/lightskyblue-jay-723117.hostingersite.com\/vagas\/category\/todas-as-vagas\/coimbra\/\"><strong>Coimbra<\/strong><\/a><\/li>\n<\/td>\n<td>\n<li><a href=\"https:\/\/lightskyblue-jay-723117.hostingersite.com\/vagas\/category\/todas-as-vagas\/evora\/\"><strong>\u00c9vora<\/strong><\/a><\/li>\n<\/td>\n<\/tr>\n<td>\n<li><a href=\"https:\/\/lightskyblue-jay-723117.hostingersite.com\/vagas\/category\/todas-as-vagas\/faro\/\"><strong>Faro<\/strong><\/a><\/li>\n<\/td>\n<td>\n<li><a href=\"https:\/\/lightskyblue-jay-723117.hostingersite.com\/vagas\/category\/todas-as-vagas\/guarda\/\"><strong>Guarda<\/strong><\/a><\/li>\n<\/td>\n<tr>\n<td>\n<li><a href=\"https:\/\/lightskyblue-jay-723117.hostingersite.com\/vagas\/category\/todas-as-vagas\/leiria\/\"><strong>Leiria<\/strong><\/a><\/li>\n<\/td>\n<td>\n<li><a href=\"https:\/\/lightskyblue-jay-723117.hostingersite.com\/vagas\/category\/todas-as-vagas\/lisboa\/\"><strong>Lisboa<\/strong><\/a><\/li>\n<\/td>\n<\/tr>\n<tr>\n<td>\n<li><a href=\"https:\/\/lightskyblue-jay-723117.hostingersite.com\/vagas\/category\/todas-as-vagas\/madeira\/\"><strong>Madeira<\/strong><\/a><\/li>\n<\/td>\n<td>\n<li><a href=\"https:\/\/lightskyblue-jay-723117.hostingersite.com\/vagas\/category\/todas-as-vagas\/portalegre\/\"><strong>Portalegre<\/strong><\/a><\/li>\n<\/td>\n<\/tr>\n<tr>\n<td>\n<li><a href=\"https:\/\/lightskyblue-jay-723117.hostingersite.com\/vagas\/category\/todas-as-vagas\/porto\/\"><strong>Porto<\/strong><\/a><\/li>\n<\/td>\n<td>\n<li><a href=\"https:\/\/lightskyblue-jay-723117.hostingersite.com\/vagas\/category\/todas-as-vagas\/santarem\/\"><strong>Santar\u00e9m<\/strong><\/a><\/li>\n<\/td>\n<\/tr>\n<tr>\n<td>\n<li><a href=\"https:\/\/lightskyblue-jay-723117.hostingersite.com\/vagas\/category\/todas-as-vagas\/setubal\/\"><strong>Set\u00fabal<\/strong><\/a><\/li>\n<\/td>\n<td>\n<li><a href=\"https:\/\/lightskyblue-jay-723117.hostingersite.com\/vagas\/category\/todas-as-vagas\/viana-do-castelo\/\"><strong>Viana do Castelo<\/strong><\/a><\/li>\n<\/td>\n<\/tr>\n<tr>\n<td>\n<li><a href=\"https:\/\/lightskyblue-jay-723117.hostingersite.com\/vagas\/category\/todas-as-vagas\/vila-real\/\"><strong>Vila Real<\/strong><\/a><\/li>\n<\/td>\n<td>\n<li><a href=\"https:\/\/lightskyblue-jay-723117.hostingersite.com\/vagas\/category\/todas-as-vagas\/viseu\/\"><strong>Viseu<\/strong><\/a><\/li>\n<\/td>\n<\/tr>\n<\/ul>\n<\/table>\n<h3>Estamos Aqui para Ajudar!<\/h3>\n<p>Navegue pelas oportunidades, escolha a vaga certa e envie seu curr\u00edculo. E n\u00e3o se esque\u00e7a: estamos constantemente atualizando as vagas para que voc\u00ea tenha sempre as melhores op\u00e7\u00f5es no mercado.<\/p>\n<p>Se tiver alguma d\u00favida ou precisar de assist\u00eancia, entre em contato atrav\u00e9s da P\u00e1gina <a href=\"https:\/\/lightskyblue-jay-723117.hostingersite.com\/vagas\/fale-conosco\/\">Fale Conosco<\/a>.<\/p>\n","protected":false},"excerpt":{"rendered":"<p>O que \u00e9 o Vagas de hoje? O Vagasdehoje.pt \u00e9 uma plataforma de empregos em Portugal, projetada para conectar candidatos e empresas. Nele, s\u00e3o anunciadas vagas para diversos setores e n\u00edveis de experi\u00eancia, incluindo \u00e1reas como administra\u00e7\u00e3o, TI, sa\u00fade, marketing,<\/p>\n<p><a href=\"https:\/\/vagasdehoje.pt\/vagas\/como-funciona\/\" class=\"blog-read-more\">Ver Vaga<\/a><\/p>\n","protected":false},"author":1,"featured_media":0,"parent":0,"menu_order":0,"comment_status":"closed","ping_status":"closed","template":"","meta":{"footnotes":""},"class_list":["post-7489","page","type-page","status-publish","hentry"],"yoast_head":"<!-- This site is optimized with the Yoast SEO plugin v26.3 - https:\/\/yoast.com\/wordpress\/plugins\/seo\/ -->\n<title>Como funciona? - Encontre Vagas Agora - Vagas de Hoje<\/title>\n<meta name=\"robots\" content=\"index, follow, max-snippet:-1, max-image-preview:large, max-video-preview:-1\" \/>\n<link rel=\"canonical\" href=\"https:\/\/lightskyblue-jay-723117.hostingersite.com\/vagas\/como-funciona\/\" \/>\n<meta property=\"og:locale\" content=\"pt_PT\" \/>\n<meta property=\"og:type\" content=\"article\" \/>\n<meta property=\"og:title\" content=\"Como funciona? - Encontre Vagas Agora - Vagas de Hoje\" \/>\n<meta property=\"og:description\" content=\"O que \u00e9 o Vagas de hoje? O Vagasdehoje.pt \u00e9 uma plataforma de empregos em Portugal, projetada para conectar candidatos e empresas. Nele, s\u00e3o anunciadas vagas para diversos setores e n\u00edveis de experi\u00eancia, incluindo \u00e1reas como administra\u00e7\u00e3o, TI, sa\u00fade, marketing,Ver Vaga\" \/>\n<meta property=\"og:url\" content=\"https:\/\/lightskyblue-jay-723117.hostingersite.com\/vagas\/como-funciona\/\" \/>\n<meta property=\"og:site_name\" content=\"Encontre Vagas Agora - Vagas de Hoje\" \/>\n<meta property=\"article:modified_time\" content=\"2024-11-08T13:37:18+00:00\" \/>\n<meta property=\"og:image\" content=\"https:\/\/vagasdehoje.pt\/vagas\/wp-content\/uploads\/2024\/10\/1723819966936.jpg\" \/>\n\t<meta property=\"og:image:width\" content=\"1280\" \/>\n\t<meta property=\"og:image:height\" content=\"720\" \/>\n\t<meta property=\"og:image:type\" content=\"image\/jpeg\" \/>\n<meta name=\"twitter:card\" content=\"summary_large_image\" \/>\n<meta name=\"twitter:label1\" content=\"Tempo estimado de leitura\" \/>\n\t<meta name=\"twitter:data1\" content=\"2 minutos\" \/>\n<script type=\"application\/ld+json\" class=\"yoast-schema-graph\">{\"@context\":\"https:\/\/schema.org\",\"@graph\":[{\"@type\":\"WebPage\",\"@id\":\"https:\/\/lightskyblue-jay-723117.hostingersite.com\/vagas\/como-funciona\/\",\"url\":\"https:\/\/lightskyblue-jay-723117.hostingersite.com\/vagas\/como-funciona\/\",\"name\":\"Como funciona? - Encontre Vagas Agora - Vagas de Hoje\",\"isPartOf\":{\"@id\":\"https:\/\/vagasdehoje.pt\/vagas\/#website\"},\"datePublished\":\"2024-11-08T13:35:04+00:00\",\"dateModified\":\"2024-11-08T13:37:18+00:00\",\"breadcrumb\":{\"@id\":\"https:\/\/lightskyblue-jay-723117.hostingersite.com\/vagas\/como-funciona\/#breadcrumb\"},\"inLanguage\":\"pt-PT\",\"potentialAction\":[{\"@type\":\"ReadAction\",\"target\":[\"https:\/\/lightskyblue-jay-723117.hostingersite.com\/vagas\/como-funciona\/\"]}]},{\"@type\":\"BreadcrumbList\",\"@id\":\"https:\/\/lightskyblue-jay-723117.hostingersite.com\/vagas\/como-funciona\/#breadcrumb\",\"itemListElement\":[{\"@type\":\"ListItem\",\"position\":1,\"name\":\"In\u00edcio\",\"item\":\"https:\/\/vagasdehoje.pt\/vagas\/\"},{\"@type\":\"ListItem\",\"position\":2,\"name\":\"Como funciona?\"}]},{\"@type\":\"WebSite\",\"@id\":\"https:\/\/vagasdehoje.pt\/vagas\/#website\",\"url\":\"https:\/\/vagasdehoje.pt\/vagas\/\",\"name\":\"Vagas de Hoje\",\"description\":\"Descubra as melhores oportunidades de emprego em Portugal. Cadastro gratuito e acesso a centenas de vagas!\",\"publisher\":{\"@id\":\"https:\/\/vagasdehoje.pt\/vagas\/#organization\"},\"potentialAction\":[{\"@type\":\"SearchAction\",\"target\":{\"@type\":\"EntryPoint\",\"urlTemplate\":\"https:\/\/vagasdehoje.pt\/vagas\/?s={search_term_string}\"},\"query-input\":{\"@type\":\"PropertyValueSpecification\",\"valueRequired\":true,\"valueName\":\"search_term_string\"}}],\"inLanguage\":\"pt-PT\"},{\"@type\":\"Organization\",\"@id\":\"https:\/\/vagasdehoje.pt\/vagas\/#organization\",\"name\":\"Vagas de Hoje\",\"url\":\"https:\/\/vagasdehoje.pt\/vagas\/\",\"logo\":{\"@type\":\"ImageObject\",\"inLanguage\":\"pt-PT\",\"@id\":\"https:\/\/vagasdehoje.pt\/vagas\/#\/schema\/logo\/image\/\",\"url\":\"https:\/\/vagasdehoje.pt\/vagas\/wp-content\/uploads\/2025\/03\/logo_site.png\",\"contentUrl\":\"https:\/\/vagasdehoje.pt\/vagas\/wp-content\/uploads\/2025\/03\/logo_site.png\",\"width\":348,\"height\":82,\"caption\":\"Vagas de Hoje\"},\"image\":{\"@id\":\"https:\/\/vagasdehoje.pt\/vagas\/#\/schema\/logo\/image\/\"}}]}<\/script>\n<!-- \/ Yoast SEO plugin. -->","yoast_head_json":{"title":"Como funciona? - Encontre Vagas Agora - Vagas de Hoje","robots":{"index":"index","follow":"follow","max-snippet":"max-snippet:-1","max-image-preview":"max-image-preview:large","max-video-preview":"max-video-preview:-1"},"canonical":"https:\/\/lightskyblue-jay-723117.hostingersite.com\/vagas\/como-funciona\/","og_locale":"pt_PT","og_type":"article","og_title":"Como funciona? - Encontre Vagas Agora - Vagas de Hoje","og_description":"O que \u00e9 o Vagas de hoje? O Vagasdehoje.pt \u00e9 uma plataforma de empregos em Portugal, projetada para conectar candidatos e empresas. Nele, s\u00e3o anunciadas vagas para diversos setores e n\u00edveis de experi\u00eancia, incluindo \u00e1reas como administra\u00e7\u00e3o, TI, sa\u00fade, marketing,Ver Vaga","og_url":"https:\/\/lightskyblue-jay-723117.hostingersite.com\/vagas\/como-funciona\/","og_site_name":"Encontre Vagas Agora - Vagas de Hoje","article_modified_time":"2024-11-08T13:37:18+00:00","og_image":[{"width":1280,"height":720,"url":"https:\/\/vagasdehoje.pt\/vagas\/wp-content\/uploads\/2024\/10\/1723819966936.jpg","type":"image\/jpeg"}],"twitter_card":"summary_large_image","twitter_misc":{"Tempo estimado de leitura":"2 minutos"},"schema":{"@context":"https:\/\/schema.org","@graph":[{"@type":"WebPage","@id":"https:\/\/lightskyblue-jay-723117.hostingersite.com\/vagas\/como-funciona\/","url":"https:\/\/lightskyblue-jay-723117.hostingersite.com\/vagas\/como-funciona\/","name":"Como funciona? - Encontre Vagas Agora - Vagas de Hoje","isPartOf":{"@id":"https:\/\/vagasdehoje.pt\/vagas\/#website"},"datePublished":"2024-11-08T13:35:04+00:00","dateModified":"2024-11-08T13:37:18+00:00","breadcrumb":{"@id":"https:\/\/lightskyblue-jay-723117.hostingersite.com\/vagas\/como-funciona\/#breadcrumb"},"inLanguage":"pt-PT","potentialAction":[{"@type":"ReadAction","target":["https:\/\/lightskyblue-jay-723117.hostingersite.com\/vagas\/como-funciona\/"]}]},{"@type":"BreadcrumbList","@id":"https:\/\/lightskyblue-jay-723117.hostingersite.com\/vagas\/como-funciona\/#breadcrumb","itemListElement":[{"@type":"ListItem","position":1,"name":"In\u00edcio","item":"https:\/\/vagasdehoje.pt\/vagas\/"},{"@type":"ListItem","position":2,"name":"Como funciona?"}]},{"@type":"WebSite","@id":"https:\/\/vagasdehoje.pt\/vagas\/#website","url":"https:\/\/vagasdehoje.pt\/vagas\/","name":"Vagas de Hoje","description":"Descubra as melhores oportunidades de emprego em Portugal. Cadastro gratuito e acesso a centenas de vagas!","publisher":{"@id":"https:\/\/vagasdehoje.pt\/vagas\/#organization"},"potentialAction":[{"@type":"SearchAction","target":{"@type":"EntryPoint","urlTemplate":"https:\/\/vagasdehoje.pt\/vagas\/?s={search_term_string}"},"query-input":{"@type":"PropertyValueSpecification","valueRequired":true,"valueName":"search_term_string"}}],"inLanguage":"pt-PT"},{"@type":"Organization","@id":"https:\/\/vagasdehoje.pt\/vagas\/#organization","name":"Vagas de Hoje","url":"https:\/\/vagasdehoje.pt\/vagas\/","logo":{"@type":"ImageObject","inLanguage":"pt-PT","@id":"https:\/\/vagasdehoje.pt\/vagas\/#\/schema\/logo\/image\/","url":"https:\/\/vagasdehoje.pt\/vagas\/wp-content\/uploads\/2025\/03\/logo_site.png","contentUrl":"https:\/\/vagasdehoje.pt\/vagas\/wp-content\/uploads\/2025\/03\/logo_site.png","width":348,"height":82,"caption":"Vagas de Hoje"},"image":{"@id":"https:\/\/vagasdehoje.pt\/vagas\/#\/schema\/logo\/image\/"}}]}},"_links":{"self":[{"href":"https:\/\/vagasdehoje.pt\/vagas\/wp-json\/wp\/v2\/pages\/7489","targetHints":{"allow":["GET"]}}],"collection":[{"href":"https:\/\/vagasdehoje.pt\/vagas\/wp-json\/wp\/v2\/pages"}],"about":[{"href":"https:\/\/vagasdehoje.pt\/vagas\/wp-json\/wp\/v2\/types\/page"}],"author":[{"embeddable":true,"href":"https:\/\/vagasdehoje.pt\/vagas\/wp-json\/wp\/v2\/users\/1"}],"replies":[{"embeddable":true,"href":"https:\/\/vagasdehoje.pt\/vagas\/wp-json\/wp\/v2\/comments?post=7489"}],"version-history":[{"count":3,"href":"https:\/\/vagasdehoje.pt\/vagas\/wp-json\/wp\/v2\/pages\/7489\/revisions"}],"predecessor-version":[{"id":7493,"href":"https:\/\/vagasdehoje.pt\/vagas\/wp-json\/wp\/v2\/pages\/7489\/revisions\/7493"}],"wp:attachment":[{"href":"https:\/\/vagasdehoje.pt\/vagas\/wp-json\/wp\/v2\/media?parent=7489"}],"curies":[{"name":"wp","href":"https:\/\/api.w.org\/{rel}","templated":true}]}}